{"id":24,"date":"2022-03-16T18:59:59","date_gmt":"2022-03-17T00:59:59","guid":{"rendered":"https:\/\/so.com.gt\/sitio\/services\/"},"modified":"2022-03-21T01:18:17","modified_gmt":"2022-03-21T07:18:17","slug":"servicios","status":"publish","type":"page","link":"https:\/\/so.com.gt\/sitio\/servicios\/","title":{"rendered":"Servicios"},"content":{"rendered":"\n\n\n\n\n\n\n\n\n<h4>Tus proyectos, nuestros proyectos<\/h4>\n<p>Nos especializamos en la inform\u00e1tica para que nuestros clientes puedan enfocarse en su negocio.<\/p>\n\n\n<p>Dise\u00f1o, supervisi\u00f3n, seguridad l\u00f3gica, virtualizaci\u00f3n de servidores y clientes, pol\u00edtica de backup.<\/p>\n\n\n<p>Instalaci\u00f3n, dise\u00f1o de estructuras, optimizaci\u00f3n, mantenimiento, reparaci\u00f3n y recuperaci\u00f3n de bases de datos Oracle, SQL Server, Firebird<\/p>\n\n\n<p>Nuestro equipo de consultores puede ayudar a tu organizaci\u00f3n desde el planteamiento,&nbsp; licitaci\u00f3n, ejecuci\u00f3n y supervisi\u00f3n de cualquier proyecto inform\u00e1tico<\/p>\n\n\n\n\n<p>Dise\u00f1o, segmentaci\u00f3n, seguridad, interconexi\u00f3n, firewalls, routers, certificaci\u00f3n, diagn\u00f3stico y soluci\u00f3n de problemas<\/p>\n\n\n<p>Desde el dise\u00f1o y desarrollo de procesos de ETL y datawarehouses hasta la visualizaci\u00f3n en&nbsp; consultas, tableros y dashboards en la web y m\u00f3viles<\/p>\n\n\n<p>Desarrollamos requerimientos con metodolog\u00edas \u00e1giles y de cascada en java, c#, php, delphi y otros lenguajes<\/p>\n\n\n\n\n\n\n\n\n\n\n<h4>Ahorra tiempo, dinero y problemas<\/h4>\n<p>Elegir al equipo correcto es crucial para ejecutar cualquier proyecto en tiempo y dentro del presupuesto. El logro de los objetivos depende de la pericia y exactitud de quienes integran el equipo. Tenemos especialistas con experiencia que trabajan hombro a hombro para alcanzar los objetivos con excelencia.<\/p>\n\n\n\nEn tiempo\nDentro del presupuesto\n\n\n\n\nGarant\u00eda funcional\nPericia t\u00e9cnica\n\n\n\n\n\n\n\n\n\n\n\n<h4>Con precisi\u00f3n quir\u00fargica<\/h4>\n<p>Somos especialistas en la soluci\u00f3n de problemas. Trabajamos con precisi\u00f3n para optimizar la producci\u00f3n de software, redes y servicios inform\u00e1ticos.<\/p>\n<p> Nuestros desarrollos y soluciones son validados y crtificados.<\/p>\n\n\n","protected":false},"excerpt":{"rendered":"","protected":false},"author":0,"featured_media":0,"parent":0,"menu_order":0,"comment_status":"closed","ping_status":"closed","template":"","meta":{"_monsterinsights_skip_tracking":false,"_monsterinsights_sitenote_active":false,"_monsterinsights_sitenote_note":"","_monsterinsights_sitenote_category":0,"footnotes":""},"class_list":["post-24","page","type-page","status-publish","hentry"],"_links":{"self":[{"href":"https:\/\/so.com.gt\/sitio\/wp-json\/wp\/v2\/pages\/24","targetHints":{"allow":["GET"]}}],"collection":[{"href":"https:\/\/so.com.gt\/sitio\/wp-json\/wp\/v2\/pages"}],"about":[{"href":"https:\/\/so.com.gt\/sitio\/wp-json\/wp\/v2\/types\/page"}],"replies":[{"embeddable":true,"href":"https:\/\/so.com.gt\/sitio\/wp-json\/wp\/v2\/comments?post=24"}],"version-history":[{"count":2,"href":"https:\/\/so.com.gt\/sitio\/wp-json\/wp\/v2\/pages\/24\/revisions"}],"predecessor-version":[{"id":101,"href":"https:\/\/so.com.gt\/sitio\/wp-json\/wp\/v2\/pages\/24\/revisions\/101"}],"wp:attachment":[{"href":"https:\/\/so.com.gt\/sitio\/wp-json\/wp\/v2\/media?parent=24"}],"curies":[{"name":"wp","href":"https:\/\/api.w.org\/{rel}","templated":true}]}}