{"id":25,"date":"2022-03-16T18:59:59","date_gmt":"2022-03-16T18:59:59","guid":{"rendered":"https:\/\/so.com.gt\/sitio\/about\/"},"modified":"2022-03-16T19:21:49","modified_gmt":"2022-03-16T19:21:49","slug":"acerca-de","status":"publish","type":"page","link":"https:\/\/so.com.gt\/sitio\/acerca-de\/","title":{"rendered":"Acerca de"},"content":{"rendered":"\n\n\n<h2>Servicios Ori\u00f3n, S.A.<\/h2>\n<p>Somos una empresa fundada en Guatemala en 1997 y nos dedicamos a brindar consultor\u00eda, soluciones y servicios en inform\u00e1tica, d\u00f3nde abarcamos distintas especialidades, que van desde los centros de datos, servidores, redes, inteligencia de negocios, soluciones a la medida y desarrollo de software y aplicaciones m\u00f3viles.<\/p>\n<p>Nuestras soluciones son utilizadas en empresas de giro comercial, industrial y financiero a lo largo de la regi\u00f3n centroamericana.<\/p>\n<p>Nuestros consultores son reconocidos a nivel nacional e internacional en sus diferentes \u00e1reas de especializaci\u00f3n.<\/p>\n<p>No dudes en contactarnos para conversar sobre tus necesidades y proyectos, estamos seguros de poder brindar la mejor soluci\u00f3n a tus necesidades.<br><\/p>\n\n\n","protected":false},"excerpt":{"rendered":"","protected":false},"author":1,"featured_media":0,"parent":0,"menu_order":0,"comment_status":"closed","ping_status":"closed","template":"","meta":{"_monsterinsights_skip_tracking":false,"_monsterinsights_sitenote_active":false,"_monsterinsights_sitenote_note":"","_monsterinsights_sitenote_category":0,"footnotes":""},"class_list":["post-25","page","type-page","status-publish","hentry"],"_links":{"self":[{"href":"https:\/\/so.com.gt\/sitio\/wp-json\/wp\/v2\/pages\/25","targetHints":{"allow":["GET"]}}],"collection":[{"href":"https:\/\/so.com.gt\/sitio\/wp-json\/wp\/v2\/pages"}],"about":[{"href":"https:\/\/so.com.gt\/sitio\/wp-json\/wp\/v2\/types\/page"}],"author":[{"embeddable":true,"href":"https:\/\/so.com.gt\/sitio\/wp-json\/wp\/v2\/users\/1"}],"replies":[{"embeddable":true,"href":"https:\/\/so.com.gt\/sitio\/wp-json\/wp\/v2\/comments?post=25"}],"version-history":[{"count":3,"href":"https:\/\/so.com.gt\/sitio\/wp-json\/wp\/v2\/pages\/25\/revisions"}],"predecessor-version":[{"id":39,"href":"https:\/\/so.com.gt\/sitio\/wp-json\/wp\/v2\/pages\/25\/revisions\/39"}],"wp:attachment":[{"href":"https:\/\/so.com.gt\/sitio\/wp-json\/wp\/v2\/media?parent=25"}],"curies":[{"name":"wp","href":"https:\/\/api.w.org\/{rel}","templated":true}]}}