{"id":92,"date":"2022-03-20T17:10:23","date_gmt":"2022-03-20T23:10:23","guid":{"rendered":"https:\/\/so.com.gt\/sitio\/services\/"},"modified":"2022-03-21T18:17:56","modified_gmt":"2022-03-22T00:17:56","slug":"fabrica-de-software","status":"publish","type":"page","link":"https:\/\/so.com.gt\/sitio\/servicios\/fabrica-de-software\/","title":{"rendered":"F\u00e1brica de software"},"content":{"rendered":"\n\n\n\n\n\n\n\n\n\n\n\n\n\n<p><span style=\"text-align: center;\">Nuestros ingenieros trabajan con distintas metodolog\u00edas y desarrollan requerimientos en m\u00faltiples lenguajes.<\/span><\/p>\n<p><span\u00a0style=\"text-align: center;\"=\"\"><span style=\"text-align: center;\">La F\u00e1brica de Software puede integrarse a tu equipo de desarrollo para potenciar tus capacidades y cubrir los excesos de demanda.<\/span><\/span\u00a0style=\"text-align:><\/p>\n<p><span\u00a0style=\"text-align: center;\"=\"\"><span style=\"text-align: center;\"><\/span><span style=\"text-align: center;\">La F\u00e1brica de Software puede convertirse en tu equipo de desarrollo, independientemente de la continuidad de los requerimientos o flujo de demanda generada.<\/span><\/span\u00a0style=\"text-align:><\/p>\n<p><span\u00a0style=\"text-align: center;\"=\"\"><span style=\"text-align: center;\"><\/span><br><\/span\u00a0style=\"text-align:><\/p>\n\n\n\n\n<h2>Plataformas<\/h2>\n\nWindows\nLinux\nAndroid\nWeb\nRaspberry\nArduino\n\n\n\n<h2>Lenguajes<\/h2>\n\nJava\nC#\nDelphi\nPHP\nPython\nTypescript\/javascript\n\n\n\n<h2>Frameworks<\/h2>\n\nvue.js\nAngular\nReact\nLaravel\nVCL\/FMX\nMuchos m\u00e1s&#8230;\n\n\n\n\n\n\n\n\n\n\n\n<h4>Ahorra tiempo, dinero y problemas<\/h4>\n<p>Elegir al equipo correcto es crucial para ejecutar cualquier proyecto en tiempo y dentro del presupuesto. El logro de los objetivos depende de la pericia y exactitud de quienes integran el equipo. Tenemos especialistas con experiencia que trabajan hombro a hombro para alcanzar los objetivos con excelencia.<\/p>\n\n\n\nEn tiempo\nDentro del presupuesto\n\n\n\n\nGarant\u00eda funcional\nPericia t\u00e9cnica\n\n\n\n\n\n\n\n\n\n\n\n<h4>Con precisi\u00f3n quir\u00fargica<\/h4>\n<p>Somos especialistas en la soluci\u00f3n de problemas. Trabajamos con precisi\u00f3n para optimizar la producci\u00f3n de software, redes y servicios inform\u00e1ticos.<\/p>\n<p> Nuestros desarrollos y soluciones son validados y crtificados.<\/p>\n\n\n","protected":false},"excerpt":{"rendered":"","protected":false},"author":1,"featured_media":0,"parent":24,"menu_order":0,"comment_status":"closed","ping_status":"closed","template":"","meta":{"_monsterinsights_skip_tracking":false,"_monsterinsights_sitenote_active":false,"_monsterinsights_sitenote_note":"","_monsterinsights_sitenote_category":0,"footnotes":""},"class_list":["post-92","page","type-page","status-publish","hentry"],"_links":{"self":[{"href":"https:\/\/so.com.gt\/sitio\/wp-json\/wp\/v2\/pages\/92","targetHints":{"allow":["GET"]}}],"collection":[{"href":"https:\/\/so.com.gt\/sitio\/wp-json\/wp\/v2\/pages"}],"about":[{"href":"https:\/\/so.com.gt\/sitio\/wp-json\/wp\/v2\/types\/page"}],"author":[{"embeddable":true,"href":"https:\/\/so.com.gt\/sitio\/wp-json\/wp\/v2\/users\/1"}],"replies":[{"embeddable":true,"href":"https:\/\/so.com.gt\/sitio\/wp-json\/wp\/v2\/comments?post=92"}],"version-history":[{"count":3,"href":"https:\/\/so.com.gt\/sitio\/wp-json\/wp\/v2\/pages\/92\/revisions"}],"predecessor-version":[{"id":108,"href":"https:\/\/so.com.gt\/sitio\/wp-json\/wp\/v2\/pages\/92\/revisions\/108"}],"up":[{"embeddable":true,"href":"https:\/\/so.com.gt\/sitio\/wp-json\/wp\/v2\/pages\/24"}],"wp:attachment":[{"href":"https:\/\/so.com.gt\/sitio\/wp-json\/wp\/v2\/media?parent=92"}],"curies":[{"name":"wp","href":"https:\/\/api.w.org\/{rel}","templated":true}]}}